{"id":1792,"date":"2025-03-22T19:57:45","date_gmt":"2025-03-22T18:57:45","guid":{"rendered":"https:\/\/testba.sybell.net\/?page_id=1792"},"modified":"2026-03-04T10:37:11","modified_gmt":"2026-03-04T09:37:11","slug":"kalandra-fel","status":"publish","type":"page","link":"https:\/\/testba.sybell.net\/","title":{"rendered":"Kalandra Fel!"},"content":{"rendered":"\t\t<div data-elementor-type=\"wp-page\" data-elementor-id=\"1792\" class=\"elementor elementor-1792\" data-elementor-post-type=\"page\">\n\t\t\t\t<div class=\"elementor-element elementor-element-57775fa elementor-hidden-tablet e-flex e-con-boxed e-con e-parent\" data-id=\"57775fa\" data-element_type=\"container\">\n\t\t\t\t\t<div class=\"e-con-inner\">\n\t\t\t\t<div class=\"elementor-element elementor-element-9ed5db5 elementor-widget__width-initial elementor-widget elementor-widget-image\" data-id=\"9ed5db5\" data-element_type=\"widget\" data-widget_type=\"image.default\">\n\t\t\t\t<div class=\"elementor-widget-container\">\n\t\t\t\t\t\t\t\t\t\t\t\t\t\t\t<img fetchpriority=\"high\" decoding=\"async\" width=\"300\" height=\"300\" src=\"https:\/\/testba.sybell.net\/wp-content\/uploads\/2025\/03\/utazasi-logo.webp\" class=\"attachment-large size-large wp-image-1705\" alt=\"\" srcset=\"https:\/\/testba.sybell.net\/wp-content\/uploads\/2025\/03\/utazasi-logo.webp 300w, https:\/\/testba.sybell.net\/wp-content\/uploads\/2025\/03\/utazasi-logo-150x150.webp 150w, https:\/\/testba.sybell.net\/wp-content\/uploads\/2025\/03\/utazasi-logo-100x100.webp 100w\" sizes=\"(max-width: 300px) 100vw, 300px\" \/>\t\t\t\t\t\t\t\t\t\t\t\t\t\t\t<\/div>\n\t\t\t\t<\/div>\n\t\t\t\t\t<\/div>\n\t\t\t\t<\/div>\n\t\t<div class=\"elementor-element elementor-element-662f119 e-flex e-con-boxed e-con e-parent\" data-id=\"662f119\" data-element_type=\"container\">\n\t\t\t\t\t<div class=\"e-con-inner\">\n\t\t<div class=\"elementor-element elementor-element-0da8ce0 e-con-full e-flex e-con e-child\" data-id=\"0da8ce0\" data-element_type=\"container\">\n\t\t\t\t<div class=\"elementor-element elementor-element-c958dce animated-slow elementor-invisible elementor-widget elementor-widget-heading\" data-id=\"c958dce\" data-element_type=\"widget\" data-settings=\"{&quot;_animation&quot;:&quot;swing&quot;}\" data-widget_type=\"heading.default\">\n\t\t\t\t<div class=\"elementor-widget-container\">\n\t\t\t\t\t<h2 class=\"elementor-heading-title elementor-size-default\">Kalandra fel!<\/h2>\t\t\t\t<\/div>\n\t\t\t\t<\/div>\n\t\t\t\t<div class=\"elementor-element elementor-element-77d3eb8 elementor-widget elementor-widget-heading\" data-id=\"77d3eb8\" data-element_type=\"widget\" data-widget_type=\"heading.default\">\n\t\t\t\t<div class=\"elementor-widget-container\">\n\t\t\t\t\t<h2 class=\"elementor-heading-title elementor-size-default\">Fedezd fel a vil\u00e1got vel\u00fcnk!<\/h2>\t\t\t\t<\/div>\n\t\t\t\t<\/div>\n\t\t<div class=\"elementor-element elementor-element-44164f4 e-con-full e-flex e-con e-child\" data-id=\"44164f4\" data-element_type=\"container\">\n\t\t<div class=\"elementor-element elementor-element-6c1bfb1 e-con-full e-flex e-con e-child\" data-id=\"6c1bfb1\" data-element_type=\"container\">\n\t\t\t\t<div class=\"elementor-element elementor-element-c4ee862 elementor-widget elementor-widget-text-editor\" data-id=\"c4ee862\" data-element_type=\"widget\" data-widget_type=\"text-editor.default\">\n\t\t\t\t<div class=\"elementor-widget-container\">\n\t\t\t\t\t\t\t\t\t<p>Iratkozz fel h\u00edrlevel\u00fcnkre, \u00e9s l\u00e9gy naprak\u00e9sz az izgalmas \u00fatic\u00e9lokkal, exkluz\u00edv aj\u00e1nlatokkal \u00e9s hasznos utaz\u00e1si tippekkel kapcsolatban.<\/p>\t\t\t\t\t\t\t\t<\/div>\n\t\t\t\t<\/div>\n\t\t\t\t<div class=\"elementor-element elementor-element-d14ac0b elementor-align-center elementor-widget elementor-widget-button\" data-id=\"d14ac0b\" data-element_type=\"widget\" data-widget_type=\"button.default\">\n\t\t\t\t<div class=\"elementor-widget-container\">\n\t\t\t\t\t\t\t\t\t<div class=\"elementor-button-wrapper\">\n\t\t\t\t\t<a class=\"elementor-button elementor-button-link elementor-size-sm\" href=\"#\">\n\t\t\t\t\t\t<span class=\"elementor-button-content-wrapper\">\n\t\t\t\t\t\t\t\t\t<span class=\"elementor-button-text\">Feliratkozom!<\/span>\n\t\t\t\t\t<\/span>\n\t\t\t\t\t<\/a>\n\t\t\t\t<\/div>\n\t\t\t\t\t\t\t\t<\/div>\n\t\t\t\t<\/div>\n\t\t\t\t<\/div>\n\t\t<div class=\"elementor-element elementor-element-4d97fec e-con-full e-flex e-con e-child\" data-id=\"4d97fec\" data-element_type=\"container\">\n\t\t\t\t<div class=\"elementor-element elementor-element-4fcb93e elementor-hidden-mobile elementor-widget__width-initial elementor-widget elementor-widget-image\" data-id=\"4fcb93e\" data-element_type=\"widget\" data-widget_type=\"image.default\">\n\t\t\t\t<div class=\"elementor-widget-container\">\n\t\t\t\t\t\t\t\t\t\t\t\t\t\t\t<img decoding=\"async\" width=\"165\" height=\"209\" src=\"https:\/\/testba.sybell.net\/wp-content\/uploads\/2025\/03\/nyil1.webp\" class=\"attachment-large size-large wp-image-1700\" alt=\"\" \/>\t\t\t\t\t\t\t\t\t\t\t\t\t\t\t<\/div>\n\t\t\t\t<\/div>\n\t\t\t\t<\/div>\n\t\t\t\t<\/div>\n\t\t\t\t<\/div>\n\t\t<div class=\"elementor-element elementor-element-8eb7111 e-con-full e-flex e-con e-child\" data-id=\"8eb7111\" data-element_type=\"container\">\n\t\t\t\t<div class=\"elementor-element elementor-element-57d97a8 elementor-widget elementor-widget-image\" data-id=\"57d97a8\" data-element_type=\"widget\" data-widget_type=\"image.default\">\n\t\t\t\t<div class=\"elementor-widget-container\">\n\t\t\t\t\t\t\t\t\t\t\t\t\t\t\t<img decoding=\"async\" width=\"600\" height=\"714\" src=\"https:\/\/testba.sybell.net\/wp-content\/uploads\/2025\/03\/1506.webp\" class=\"attachment-large size-large wp-image-1696\" alt=\"\" srcset=\"https:\/\/testba.sybell.net\/wp-content\/uploads\/2025\/03\/1506.webp 600w, https:\/\/testba.sybell.net\/wp-content\/uploads\/2025\/03\/1506-252x300.webp 252w\" sizes=\"(max-width: 600px) 100vw, 600px\" \/>\t\t\t\t\t\t\t\t\t\t\t\t\t\t\t<\/div>\n\t\t\t\t<\/div>\n\t\t\t\t<div class=\"elementor-element elementor-element-4fec639 elementor-widget elementor-widget-text-editor\" data-id=\"4fec639\" data-element_type=\"widget\" data-widget_type=\"text-editor.default\">\n\t\t\t\t<div class=\"elementor-widget-container\">\n\t\t\t\t\t\t\t\t\t<p>Szeretn\u00e9d felfedezni a rejtett kincseket, a l\u00e9legzetel\u00e1ll\u00edt\u00f3 t\u00e1jakat \u00e9s a vil\u00e1g leny\u0171g\u00f6z\u0151 kult\u00far\u00e1it?<\/p>\t\t\t\t\t\t\t\t<\/div>\n\t\t\t\t<\/div>\n\t\t\t\t<\/div>\n\t\t<div class=\"elementor-element elementor-element-f1a2671 e-con-full e-flex e-con e-child\" data-id=\"f1a2671\" data-element_type=\"container\">\n\t\t\t\t<div class=\"elementor-element elementor-element-262b0e6 elementor-widget elementor-widget-image\" data-id=\"262b0e6\" data-element_type=\"widget\" data-widget_type=\"image.default\">\n\t\t\t\t<div class=\"elementor-widget-container\">\n\t\t\t\t\t\t\t\t\t\t\t\t\t\t\t<img loading=\"lazy\" decoding=\"async\" width=\"400\" height=\"634\" src=\"https:\/\/testba.sybell.net\/wp-content\/uploads\/2025\/03\/borondos-no-fooldalra.webp\" class=\"attachment-large size-large wp-image-1698\" alt=\"\" srcset=\"https:\/\/testba.sybell.net\/wp-content\/uploads\/2025\/03\/borondos-no-fooldalra.webp 400w, https:\/\/testba.sybell.net\/wp-content\/uploads\/2025\/03\/borondos-no-fooldalra-189x300.webp 189w\" sizes=\"(max-width: 400px) 100vw, 400px\" \/>\t\t\t\t\t\t\t\t\t\t\t\t\t\t\t<\/div>\n\t\t\t\t<\/div>\n\t\t\t\t<\/div>\n\t\t\t\t\t<\/div>\n\t\t\t\t<\/div>\n\t\t<div class=\"elementor-element elementor-element-0db2fbc elementor-hidden-desktop elementor-hidden-mobile elementor-hidden-tablet e-flex e-con-boxed e-con e-parent\" data-id=\"0db2fbc\" data-element_type=\"container\">\n\t\t\t\t\t<div class=\"e-con-inner\">\n\t\t<div class=\"elementor-element elementor-element-1c420ab e-con-full e-flex e-con e-child\" data-id=\"1c420ab\" data-element_type=\"container\">\n\t\t\t\t<div class=\"elementor-element elementor-element-2ec69a4 animated-slow elementor-widget-tablet__width-initial elementor-hidden-desktop elementor-hidden-mobile elementor-invisible elementor-widget elementor-widget-heading\" data-id=\"2ec69a4\" data-element_type=\"widget\" data-settings=\"{&quot;_animation&quot;:&quot;swing&quot;}\" data-widget_type=\"heading.default\">\n\t\t\t\t<div class=\"elementor-widget-container\">\n\t\t\t\t\t<h2 class=\"elementor-heading-title elementor-size-default\">Kalandra fel!<\/h2>\t\t\t\t<\/div>\n\t\t\t\t<\/div>\n\t\t\t\t<div class=\"elementor-element elementor-element-7cc2098 elementor-widget elementor-widget-heading\" data-id=\"7cc2098\" data-element_type=\"widget\" data-widget_type=\"heading.default\">\n\t\t\t\t<div class=\"elementor-widget-container\">\n\t\t\t\t\t<h2 class=\"elementor-heading-title elementor-size-default\">Fedezd fel a vil\u00e1got vel\u00fcnk!<\/h2>\t\t\t\t<\/div>\n\t\t\t\t<\/div>\n\t\t<div class=\"elementor-element elementor-element-2f51aa3 e-con-full e-flex e-con e-child\" data-id=\"2f51aa3\" data-element_type=\"container\">\n\t\t<div class=\"elementor-element elementor-element-6e8fc7d e-flex e-con-boxed e-con e-child\" data-id=\"6e8fc7d\" data-element_type=\"container\">\n\t\t\t\t\t<div class=\"e-con-inner\">\n\t\t\t\t<div class=\"elementor-element elementor-element-233457a elementor-widget-tablet__width-initial elementor-widget elementor-widget-text-editor\" data-id=\"233457a\" data-element_type=\"widget\" data-widget_type=\"text-editor.default\">\n\t\t\t\t<div class=\"elementor-widget-container\">\n\t\t\t\t\t\t\t\t\t<p>Iratkozz fel h\u00edrlevel\u00fcnkre, \u00e9s l\u00e9gy naprak\u00e9sz az izgalmas \u00fatic\u00e9lokkal, exkluz\u00edv aj\u00e1nlatokkal \u00e9s hasznos utaz\u00e1si tippekkel kapcsolatban.<\/p>\t\t\t\t\t\t\t\t<\/div>\n\t\t\t\t<\/div>\n\t\t\t\t<div class=\"elementor-element elementor-element-7ad7945 elementor-align-center elementor-widget elementor-widget-button\" data-id=\"7ad7945\" data-element_type=\"widget\" data-widget_type=\"button.default\">\n\t\t\t\t<div class=\"elementor-widget-container\">\n\t\t\t\t\t\t\t\t\t<div class=\"elementor-button-wrapper\">\n\t\t\t\t\t<a class=\"elementor-button elementor-button-link elementor-size-sm\" href=\"#\">\n\t\t\t\t\t\t<span class=\"elementor-button-content-wrapper\">\n\t\t\t\t\t\t\t\t\t<span class=\"elementor-button-text\">Feliratkozom!<\/span>\n\t\t\t\t\t<\/span>\n\t\t\t\t\t<\/a>\n\t\t\t\t<\/div>\n\t\t\t\t\t\t\t\t<\/div>\n\t\t\t\t<\/div>\n\t\t\t\t\t<\/div>\n\t\t\t\t<\/div>\n\t\t<div class=\"elementor-element elementor-element-7d98f35 e-con-full e-flex e-con e-child\" data-id=\"7d98f35\" data-element_type=\"container\">\n\t\t\t\t<div class=\"elementor-element elementor-element-d8c6052 elementor-widget-tablet__width-initial elementor-widget elementor-widget-image\" data-id=\"d8c6052\" data-element_type=\"widget\" data-widget_type=\"image.default\">\n\t\t\t\t<div class=\"elementor-widget-container\">\n\t\t\t\t\t\t\t\t\t\t\t\t\t\t\t<img decoding=\"async\" width=\"165\" height=\"209\" src=\"https:\/\/testba.sybell.net\/wp-content\/uploads\/2025\/03\/nyil1.webp\" class=\"attachment-large size-large wp-image-1700\" alt=\"\" \/>\t\t\t\t\t\t\t\t\t\t\t\t\t\t\t<\/div>\n\t\t\t\t<\/div>\n\t\t\t\t<\/div>\n\t\t\t\t<\/div>\n\t\t\t\t<\/div>\n\t\t\t\t\t<\/div>\n\t\t\t\t<\/div>\n\t\t<div class=\"elementor-element elementor-element-b36850e elementor-hidden-desktop elementor-hidden-mobile e-flex e-con-boxed e-con e-parent\" data-id=\"b36850e\" data-element_type=\"container\">\n\t\t\t\t\t<div class=\"e-con-inner\">\n\t\t<div class=\"elementor-element elementor-element-d9aa323 e-con-full e-flex e-con e-child\" data-id=\"d9aa323\" data-element_type=\"container\">\n\t\t\t\t<div class=\"elementor-element elementor-element-5d9e7e8 elementor-widget elementor-widget-image\" data-id=\"5d9e7e8\" data-element_type=\"widget\" data-widget_type=\"image.default\">\n\t\t\t\t<div class=\"elementor-widget-container\">\n\t\t\t\t\t\t\t\t\t\t\t\t\t\t\t<img loading=\"lazy\" decoding=\"async\" width=\"400\" height=\"634\" src=\"https:\/\/testba.sybell.net\/wp-content\/uploads\/2025\/03\/borondos-no-fooldalra.webp\" class=\"attachment-large size-large wp-image-1698\" alt=\"\" srcset=\"https:\/\/testba.sybell.net\/wp-content\/uploads\/2025\/03\/borondos-no-fooldalra.webp 400w, https:\/\/testba.sybell.net\/wp-content\/uploads\/2025\/03\/borondos-no-fooldalra-189x300.webp 189w\" sizes=\"(max-width: 400px) 100vw, 400px\" \/>\t\t\t\t\t\t\t\t\t\t\t\t\t\t\t<\/div>\n\t\t\t\t<\/div>\n\t\t\t\t<\/div>\n\t\t<div class=\"elementor-element elementor-element-860ba81 e-con-full e-flex e-con e-child\" data-id=\"860ba81\" data-element_type=\"container\">\n\t\t\t\t<div class=\"elementor-element elementor-element-ea6d6e8 elementor-widget elementor-widget-text-editor\" data-id=\"ea6d6e8\" data-element_type=\"widget\" data-widget_type=\"text-editor.default\">\n\t\t\t\t<div class=\"elementor-widget-container\">\n\t\t\t\t\t\t\t\t\t<p>Szeretn\u00e9d felfedezni a rejtett kincseket, a l\u00e9legzetel\u00e1ll\u00edt\u00f3 t\u00e1jakat \u00e9s a vil\u00e1g leny\u0171g\u00f6z\u0151 kult\u00far\u00e1it?<\/p>\t\t\t\t\t\t\t\t<\/div>\n\t\t\t\t<\/div>\n\t\t\t\t<div class=\"elementor-element elementor-element-6bacc0b elementor-widget-tablet__width-initial elementor-widget elementor-widget-image\" data-id=\"6bacc0b\" data-element_type=\"widget\" data-widget_type=\"image.default\">\n\t\t\t\t<div class=\"elementor-widget-container\">\n\t\t\t\t\t\t\t\t\t\t\t\t\t\t\t<img decoding=\"async\" width=\"600\" height=\"714\" src=\"https:\/\/testba.sybell.net\/wp-content\/uploads\/2025\/03\/1506.webp\" class=\"attachment-large size-large wp-image-1696\" alt=\"\" srcset=\"https:\/\/testba.sybell.net\/wp-content\/uploads\/2025\/03\/1506.webp 600w, https:\/\/testba.sybell.net\/wp-content\/uploads\/2025\/03\/1506-252x300.webp 252w\" sizes=\"(max-width: 600px) 100vw, 600px\" \/>\t\t\t\t\t\t\t\t\t\t\t\t\t\t\t<\/div>\n\t\t\t\t<\/div>\n\t\t\t\t<\/div>\n\t\t\t\t\t<\/div>\n\t\t\t\t<\/div>\n\t\t<div class=\"elementor-element elementor-element-12dcc2c e-grid e-con-boxed e-con e-parent\" data-id=\"12dcc2c\" data-element_type=\"container\">\n\t\t\t\t\t<div class=\"e-con-inner\">\n\t\t\t\t\t<\/div>\n\t\t\t\t<\/div>\n\t\t<div class=\"elementor-element elementor-element-5fb2b1b e-flex e-con-boxed e-con e-parent\" data-id=\"5fb2b1b\" data-element_type=\"container\">\n\t\t\t\t\t<div class=\"e-con-inner\">\n\t\t\t\t\t<\/div>\n\t\t\t\t<\/div>\n\t\t<div class=\"elementor-element elementor-element-5a95a35 e-flex e-con-boxed e-con e-parent\" data-id=\"5a95a35\" data-element_type=\"container\">\n\t\t\t\t\t<div class=\"e-con-inner\">\n\t\t\t\t\t<\/div>\n\t\t\t\t<\/div>\n\t\t\t\t<\/div>\n\t\t","protected":false},"excerpt":{"rendered":"<p>Kalandra fel! Fedezd fel a vil\u00e1got vel\u00fcnk! Iratkozz fel h\u00edrlevel\u00fcnkre, \u00e9s l\u00e9gy naprak\u00e9sz az izgalmas \u00fatic\u00e9lokkal, exkluz\u00edv aj\u00e1nlatokkal \u00e9s hasznos utaz\u00e1si tippekkel kapcsolatban. Feliratkozom! Szeretn\u00e9d felfedezni a rejtett kincseket, a l\u00e9legzetel\u00e1ll\u00edt\u00f3 t\u00e1jakat \u00e9s a vil\u00e1g leny\u0171g\u00f6z\u0151 kult\u00far\u00e1it? Kalandra fel! Fedezd fel a vil\u00e1got vel\u00fcnk! Iratkozz fel h\u00edrlevel\u00fcnkre, \u00e9s l\u00e9gy naprak\u00e9sz az izgalmas \u00fatic\u00e9lokkal, exkluz\u00edv aj\u00e1nlatokkal [&hellip;]<\/p>\n","protected":false},"author":1,"featured_media":0,"parent":0,"menu_order":0,"comment_status":"closed","ping_status":"closed","template":"elementor_canvas","meta":{"site-sidebar-layout":"no-sidebar","site-content-layout":"page-builder","ast-site-content-layout":"full-width-container","site-content-style":"default","site-sidebar-style":"default","ast-global-header-display":"","ast-banner-title-visibility":"","ast-main-header-display":"","ast-hfb-above-header-display":"","ast-hfb-below-header-display":"","ast-hfb-mobile-header-display":"","site-post-title":"disabled","ast-breadcrumbs-content":"","ast-featured-img":"disabled","footer-sml-layout":"","ast-disable-related-posts":"","theme-transparent-header-meta":"default","adv-header-id-meta":"","stick-header-meta":"","header-above-stick-meta":"","header-main-stick-meta":"","header-below-stick-meta":"","astra-migrate-meta-layouts":"set","ast-page-background-enabled":"default","ast-page-background-meta":{"desktop":{"background-color":"var(--ast-global-color-4)","background-image":"","background-repeat":"repeat","background-position":"center center","background-size":"auto","background-attachment":"scroll","background-type":"","background-media":"","overlay-type":"","overlay-color":"","overlay-opacity":"","overlay-gradient":""},"tablet":{"background-color":"","background-image":"","background-repeat":"repeat","background-position":"center center","background-size":"auto","background-attachment":"scroll","background-type":"","background-media":"","overlay-type":"","overlay-color":"","overlay-opacity":"","overlay-gradient":""},"mobile":{"background-color":"","background-image":"","background-repeat":"repeat","background-position":"center center","background-size":"auto","background-attachment":"scroll","background-type":"","background-media":"","overlay-type":"","overlay-color":"","overlay-opacity":"","overlay-gradient":""}},"ast-content-background-meta":{"desktop":{"background-color":"var(--ast-global-color-5)","background-image":"","background-repeat":"repeat","background-position":"center center","background-size":"auto","background-attachment":"scroll","background-type":"","background-media":"","overlay-type":"","overlay-color":"","overlay-opacity":"","overlay-gradient":""},"tablet":{"background-color":"var(--ast-global-color-5)","background-image":"","background-repeat":"repeat","background-position":"center center","background-size":"auto","background-attachment":"scroll","background-type":"","background-media":"","overlay-type":"","overlay-color":"","overlay-opacity":"","overlay-gradient":""},"mobile":{"background-color":"var(--ast-global-color-5)","background-image":"","background-repeat":"repeat","background-position":"center center","background-size":"auto","background-attachment":"scroll","background-type":"","background-media":"","overlay-type":"","overlay-color":"","overlay-opacity":"","overlay-gradient":""}},"footnotes":""},"class_list":["post-1792","page","type-page","status-publish","hentry"],"_links":{"self":[{"href":"https:\/\/testba.sybell.net\/index.php?rest_route=\/wp\/v2\/pages\/1792","targetHints":{"allow":["GET"]}}],"collection":[{"href":"https:\/\/testba.sybell.net\/index.php?rest_route=\/wp\/v2\/pages"}],"about":[{"href":"https:\/\/testba.sybell.net\/index.php?rest_route=\/wp\/v2\/types\/page"}],"author":[{"embeddable":true,"href":"https:\/\/testba.sybell.net\/index.php?rest_route=\/wp\/v2\/users\/1"}],"replies":[{"embeddable":true,"href":"https:\/\/testba.sybell.net\/index.php?rest_route=%2Fwp%2Fv2%2Fcomments&post=1792"}],"version-history":[{"count":78,"href":"https:\/\/testba.sybell.net\/index.php?rest_route=\/wp\/v2\/pages\/1792\/revisions"}],"predecessor-version":[{"id":1920,"href":"https:\/\/testba.sybell.net\/index.php?rest_route=\/wp\/v2\/pages\/1792\/revisions\/1920"}],"wp:attachment":[{"href":"https:\/\/testba.sybell.net\/index.php?rest_route=%2Fwp%2Fv2%2Fmedia&parent=1792"}],"curies":[{"name":"wp","href":"https:\/\/api.w.org\/{rel}","templated":true}]}}